{"id":1030,"date":"2017-12-13T10:35:25","date_gmt":"2017-12-13T10:35:25","guid":{"rendered":"http:\/\/www.challenge-family.com\/itaipu\/?page_id=1030"},"modified":"2018-08-25T19:31:30","modified_gmt":"2018-08-25T19:31:30","slug":"voluntarios","status":"publish","type":"page","link":"https:\/\/www.challenge-family.com\/brasil-olympic\/voluntarios\/?lang=pt-br","title":{"rendered":"Volunt\u00e1rios"},"content":{"rendered":"<div class=\"wpb-content-wrapper\">[vc_row][vc_column][vc_column_text css=&#8221;.vc_custom_1535138158713{margin-bottom: 0px !important;}&#8221;]Um evento como o nosso n\u00e3o seria poss\u00edvel sem a ajuda dos volunt\u00e1rios.<\/p>\n<p>Todo mundo que quer se juntar a n\u00f3s neste grande festival esportivo \u00e9 muito apreciado.<\/p>\n<p>Todos os volunt\u00e1rios recebem uma camiseta, ajuda de custos para despesas de viagem, refei\u00e7\u00f5es durante o dia e um certificado de participa\u00e7\u00e3o no final do evento.[\/vc_column_text][vc_single_image image=&#8221;887&#8243; img_size=&#8221;full&#8221; alignment=&#8221;center&#8221;][vc_column_text css=&#8221;.vc_custom_1535138202307{margin-bottom: 0px !important;}&#8221;]Se voc\u00ea gostaria de participar da nossa equipe, preencha o formul\u00e1rio a seguir e entraremos em contato com voc\u00ea:<\/p>\n<p><a href=\"https:\/\/eventsbytlc1.typeform.com\/to\/AyDZei\" target=\"_blank\" rel=\"noopener\">english\u00a0version<\/a><\/p>\n<p><a href=\"https:\/\/eventsbytlc1.typeform.com\/to\/Prq33s\" target=\"_blank\" rel=\"noopener\">formul\u00e1rio em portugu\u00eas<\/a>[\/vc_column_text][\/vc_column][\/vc_row]\n<\/div>","protected":false},"excerpt":{"rendered":"<p>[vc_row][vc_column][vc_column_text css=&#8221;.vc_custom_1535138158713{margin-bottom: 0px !important;}&#8221;]Um evento como o nosso n\u00e3o seria poss\u00edvel sem a ajuda dos volunt\u00e1rios. Todo mundo que quer se juntar a n\u00f3s neste grande festival esportivo \u00e9 muito apreciado. Todos os volunt\u00e1rios recebem uma camiseta, ajuda de custos para despesas de viagem, refei\u00e7\u00f5es durante o dia e um certificado de participa\u00e7\u00e3o no final [&hellip;]<\/p>\n","protected":false},"author":20,"featured_media":0,"parent":0,"menu_order":0,"comment_status":"closed","ping_status":"closed","template":"","meta":{"footnotes":""},"class_list":["post-1030","page","type-page","status-publish","hentry"],"yoast_head":"<!-- This site is optimized with the Yoast SEO plugin v25.6 - https:\/\/yoast.com\/wordpress\/plugins\/seo\/ -->\n<title>Volunt\u00e1rios - Challenge Family Brazil<\/title>\n<meta name=\"robots\" content=\"index, follow, max-snippet:-1, max-image-preview:large, max-video-preview:-1\" \/>\n<link rel=\"canonical\" href=\"https:\/\/www.challenge-family.com\/brasil-olympic\/voluntarios\/?lang=pt-br\" \/>\n<meta property=\"og:locale\" content=\"en_US\" \/>\n<meta property=\"og:type\" content=\"article\" \/>\n<meta property=\"og:title\" content=\"Volunt\u00e1rios - Challenge Family Brazil\" \/>\n<meta property=\"og:description\" content=\"[vc_row][vc_column][vc_column_text css=&#8221;.vc_custom_1535138158713{margin-bottom: 0px !important;}&#8221;]Um evento como o nosso n\u00e3o seria poss\u00edvel sem a ajuda dos volunt\u00e1rios. Todo mundo que quer se juntar a n\u00f3s neste grande festival esportivo \u00e9 muito apreciado. Todos os volunt\u00e1rios recebem uma camiseta, ajuda de custos para despesas de viagem, refei\u00e7\u00f5es durante o dia e um certificado de participa\u00e7\u00e3o no final [&hellip;]\" \/>\n<meta property=\"og:url\" content=\"https:\/\/www.challenge-family.com\/brasil-olympic\/voluntarios\/?lang=pt-br\" \/>\n<meta property=\"og:site_name\" content=\"Challenge Family Brazil\" \/>\n<meta property=\"article:modified_time\" content=\"2018-08-25T19:31:30+00:00\" \/>\n<meta name=\"twitter:card\" content=\"summary_large_image\" \/>\n<meta name=\"twitter:label1\" content=\"Est. reading time\" \/>\n\t<meta name=\"twitter:data1\" content=\"1 minute\" \/>\n<script type=\"application\/ld+json\" class=\"yoast-schema-graph\">{\"@context\":\"https:\/\/schema.org\",\"@graph\":[{\"@type\":\"WebPage\",\"@id\":\"https:\/\/www.challenge-family.com\/brasil-olympic\/voluntarios\/?lang=pt-br\",\"url\":\"https:\/\/www.challenge-family.com\/brasil-olympic\/voluntarios\/?lang=pt-br\",\"name\":\"Volunt\u00e1rios - Challenge Family Brazil\",\"isPartOf\":{\"@id\":\"https:\/\/www.challenge-family.com\/brasil-olympic\/#website\"},\"datePublished\":\"2017-12-13T10:35:25+00:00\",\"dateModified\":\"2018-08-25T19:31:30+00:00\",\"breadcrumb\":{\"@id\":\"https:\/\/www.challenge-family.com\/brasil-olympic\/voluntarios\/?lang=pt-br#breadcrumb\"},\"inLanguage\":\"en-US\",\"potentialAction\":[{\"@type\":\"ReadAction\",\"target\":[\"https:\/\/www.challenge-family.com\/brasil-olympic\/voluntarios\/?lang=pt-br\"]}]},{\"@type\":\"BreadcrumbList\",\"@id\":\"https:\/\/www.challenge-family.com\/brasil-olympic\/voluntarios\/?lang=pt-br#breadcrumb\",\"itemListElement\":[{\"@type\":\"ListItem\",\"position\":1,\"name\":\"Home\",\"item\":\"https:\/\/www.challenge-family.com\/brasil-olympic\/\"},{\"@type\":\"ListItem\",\"position\":2,\"name\":\"Volunt\u00e1rios\"}]},{\"@type\":\"WebSite\",\"@id\":\"https:\/\/www.challenge-family.com\/brasil-olympic\/#website\",\"url\":\"https:\/\/www.challenge-family.com\/brasil-olympic\/\",\"name\":\"Challenge Family Brazil\",\"description\":\"We are triathlon\",\"potentialAction\":[{\"@type\":\"SearchAction\",\"target\":{\"@type\":\"EntryPoint\",\"urlTemplate\":\"https:\/\/www.challenge-family.com\/brasil-olympic\/?s={search_term_string}\"},\"query-input\":{\"@type\":\"PropertyValueSpecification\",\"valueRequired\":true,\"valueName\":\"search_term_string\"}}],\"inLanguage\":\"en-US\"}]}<\/script>\n<!-- \/ Yoast SEO plugin. -->","yoast_head_json":{"title":"Volunt\u00e1rios - Challenge Family Brazil","robots":{"index":"index","follow":"follow","max-snippet":"max-snippet:-1","max-image-preview":"max-image-preview:large","max-video-preview":"max-video-preview:-1"},"canonical":"https:\/\/www.challenge-family.com\/brasil-olympic\/voluntarios\/?lang=pt-br","og_locale":"en_US","og_type":"article","og_title":"Volunt\u00e1rios - Challenge Family Brazil","og_description":"[vc_row][vc_column][vc_column_text css=&#8221;.vc_custom_1535138158713{margin-bottom: 0px !important;}&#8221;]Um evento como o nosso n\u00e3o seria poss\u00edvel sem a ajuda dos volunt\u00e1rios. Todo mundo que quer se juntar a n\u00f3s neste grande festival esportivo \u00e9 muito apreciado. Todos os volunt\u00e1rios recebem uma camiseta, ajuda de custos para despesas de viagem, refei\u00e7\u00f5es durante o dia e um certificado de participa\u00e7\u00e3o no final [&hellip;]","og_url":"https:\/\/www.challenge-family.com\/brasil-olympic\/voluntarios\/?lang=pt-br","og_site_name":"Challenge Family Brazil","article_modified_time":"2018-08-25T19:31:30+00:00","twitter_card":"summary_large_image","twitter_misc":{"Est. reading time":"1 minute"},"schema":{"@context":"https:\/\/schema.org","@graph":[{"@type":"WebPage","@id":"https:\/\/www.challenge-family.com\/brasil-olympic\/voluntarios\/?lang=pt-br","url":"https:\/\/www.challenge-family.com\/brasil-olympic\/voluntarios\/?lang=pt-br","name":"Volunt\u00e1rios - Challenge Family Brazil","isPartOf":{"@id":"https:\/\/www.challenge-family.com\/brasil-olympic\/#website"},"datePublished":"2017-12-13T10:35:25+00:00","dateModified":"2018-08-25T19:31:30+00:00","breadcrumb":{"@id":"https:\/\/www.challenge-family.com\/brasil-olympic\/voluntarios\/?lang=pt-br#breadcrumb"},"inLanguage":"en-US","potentialAction":[{"@type":"ReadAction","target":["https:\/\/www.challenge-family.com\/brasil-olympic\/voluntarios\/?lang=pt-br"]}]},{"@type":"BreadcrumbList","@id":"https:\/\/www.challenge-family.com\/brasil-olympic\/voluntarios\/?lang=pt-br#breadcrumb","itemListElement":[{"@type":"ListItem","position":1,"name":"Home","item":"https:\/\/www.challenge-family.com\/brasil-olympic\/"},{"@type":"ListItem","position":2,"name":"Volunt\u00e1rios"}]},{"@type":"WebSite","@id":"https:\/\/www.challenge-family.com\/brasil-olympic\/#website","url":"https:\/\/www.challenge-family.com\/brasil-olympic\/","name":"Challenge Family Brazil","description":"We are triathlon","potentialAction":[{"@type":"SearchAction","target":{"@type":"EntryPoint","urlTemplate":"https:\/\/www.challenge-family.com\/brasil-olympic\/?s={search_term_string}"},"query-input":{"@type":"PropertyValueSpecification","valueRequired":true,"valueName":"search_term_string"}}],"inLanguage":"en-US"}]}},"_links":{"self":[{"href":"https:\/\/www.challenge-family.com\/brasil-olympic\/wp-json\/wp\/v2\/pages\/1030"}],"collection":[{"href":"https:\/\/www.challenge-family.com\/brasil-olympic\/wp-json\/wp\/v2\/pages"}],"about":[{"href":"https:\/\/www.challenge-family.com\/brasil-olympic\/wp-json\/wp\/v2\/types\/page"}],"author":[{"embeddable":true,"href":"https:\/\/www.challenge-family.com\/brasil-olympic\/wp-json\/wp\/v2\/users\/20"}],"replies":[{"embeddable":true,"href":"https:\/\/www.challenge-family.com\/brasil-olympic\/wp-json\/wp\/v2\/comments?post=1030"}],"version-history":[{"count":4,"href":"https:\/\/www.challenge-family.com\/brasil-olympic\/wp-json\/wp\/v2\/pages\/1030\/revisions"}],"predecessor-version":[{"id":1381,"href":"https:\/\/www.challenge-family.com\/brasil-olympic\/wp-json\/wp\/v2\/pages\/1030\/revisions\/1381"}],"wp:attachment":[{"href":"https:\/\/www.challenge-family.com\/brasil-olympic\/wp-json\/wp\/v2\/media?parent=1030"}],"curies":[{"name":"wp","href":"https:\/\/api.w.org\/{rel}","templated":true}]}}